{"id":352,"date":"2020-11-04T12:13:06","date_gmt":"2020-11-04T12:13:06","guid":{"rendered":"https:\/\/themes.getmotopress.com\/albatross\/?page_id=352"},"modified":"2020-11-04T12:13:06","modified_gmt":"2020-11-04T12:13:06","slug":"accommodations-default","status":"publish","type":"page","link":"http:\/\/kotvina.rataela-it.cz\/index.php\/accommodations-default\/","title":{"rendered":"Accommodations"},"content":{"rendered":"\t\t<div data-elementor-type=\"wp-page\" data-elementor-id=\"352\" class=\"elementor elementor-352\">\n\t\t\t\t\t\t<section class=\"elementor-section elementor-top-section elementor-element elementor-element-6b2fbe42 elementor-section-boxed elementor-section-height-default elementor-section-height-default\" data-id=\"6b2fbe42\" data-element_type=\"section\">\n\t\t\t\t\t\t<div class=\"elementor-container elementor-column-gap-no\">\n\t\t\t\t\t<div class=\"elementor-column elementor-col-100 elementor-top-column elementor-element elementor-element-269eb9cf\" data-id=\"269eb9cf\" data-element_type=\"column\">\n\t\t\t<div class=\"elementor-widget-wrap elementor-element-populated\">\n\t\t\t\t\t\t<div class=\"elementor-element elementor-element-4d764b81 elementor-widget elementor-widget-shortcode\" data-id=\"4d764b81\" data-element_type=\"widget\" data-widget_type=\"shortcode.default\">\n\t\t\t\t<div class=\"elementor-widget-container\">\n\t\t\t\t\t<div class=\"elementor-shortcode\"><div class=\"mphb_sc_rooms-wrapper mphb-room-types \">    <div class=\"rooms-wrapper\">\r\n\t\r\n<div class=\"mphb-room-type post-72 mphb_room_type type-mphb_room_type status-publish has-post-thumbnail mphb_room_type_facility-bathroom-essentials mphb_room_type_facility-bedroom-comforts mphb_room_type_facility-free-parking mphb_room_type_facility-hair-dryer mphb_room_type_facility-heating mphb_room_type_facility-terrace mphb_room_type_facility-wi-fi mphb-room-type-adults-1 mphb-room-type-children-0 \">\r\n\r\n\t\r\n\t\n\n\t<div class=\"mphb-room-type-images\">\n\t<div id='mphb-flexslider-gallery-1' class='gallery-columns-1 gallery-size-albatross-large mphb-gallery-main-slider mphb-flexslider-gallery-wrapper mphb-room-type-gallery-wrapper mphb-gallery-main-slider-69d7277e31c27' data-flexslider-atts='{\"animation\":\"slide\",\"controlNav\":false,\"animationLoop\":true,\"smoothHeight\":true,\"slideshow\":false,\"prevText\":\"<svg width=\\\"18\\\" height=\\\"15\\\" viewBox=\\\"0 0 18 15\\\" fill=\\\"none\\\" xmlns=\\\"http:\\\/\\\/www.w3.org\\\/2000\\\/svg\\\">\\r\\n\\t\\t\\t\\t\\t\\t\\t<path d=\\\"M0.292893 8.23396C-0.0976311 7.84344 -0.0976311 7.21027 0.292893 6.81975L6.65685\\r\\n\\t\\t\\t\\t\\t\\t\\t0.455787C7.04738 0.0652627 7.68054 0.0652627 8.07107 0.455787C8.46159 0.846311 8.46159\\r\\n\\t\\t\\t\\t\\t\\t\\t1.47948 8.07107 1.87L2.41421 7.52686L8.07107 13.1837C8.46159 13.5742 8.46159 14.2074\\r\\n\\t\\t\\t\\t\\t\\t\\t8.07107 14.5979C7.68054 14.9884 7.04738 14.9884 6.65685 14.5979L0.292893 8.23396ZM1\\r\\n\\t\\t\\t\\t\\t\\t\\t6.52686L18 6.52685L18 8.52685L1 8.52686L1 6.52686Z\\\"\\\/><\\\/svg>\",\"nextText\":\"<svg width=\\\"19\\\" height=\\\"15\\\" viewBox=\\\"0 0 19 15\\\" fill=\\\"none\\\" xmlns=\\\"http:\\\/\\\/www.w3.org\\\/2000\\\/svg\\\">\\r\\n\\t\\t\\t\\t\\t\\t\\t<path d=\\\"M17.7608 8.23396C18.1513 7.84344 18.1513 7.21027 17.7608 6.81975L11.3969\\r\\n\\t\\t\\t\\t\\t\\t\\t0.455787C11.0063 0.0652627 10.3732 0.0652627 9.98264 0.455787C9.59212 0.846311 9.59212\\r\\n\\t\\t\\t\\t\\t\\t\\t1.47948 9.98264 1.87L15.6395 7.52686L9.98264 13.1837C9.59212 13.5742 9.59212 14.2074\\r\\n\\t\\t\\t\\t\\t\\t\\t9.98264 14.5979C10.3732 14.9884 11.0063 14.9884 11.3969 14.5979L17.7608 8.23396ZM17.0537\\r\\n\\t\\t\\t\\t\\t\\t\\t6.52686L0.053711 6.52685L0.0537109 8.52685L17.0537 8.52686L17.0537 6.52686Z\\\"\\\/><\\\/svg>\"}' data-group='69d7277e31c27'><ul class=\"slides\"><li class='gallery-item'><span class='gallery-icon landscape'>\n\t\t\t\t<a href=\"http:\/\/kotvina.rataela-it.cz\/index.php\/accommodation\/standard-single-room\/\"><img fetchpriority=\"high\" decoding=\"async\" width=\"920\" height=\"650\" src=\"http:\/\/kotvina.rataela-it.cz\/wp-content\/uploads\/2024\/08\/IMG-20240728-WA0006-920x650.jpg\" class=\"attachment-albatross-large size-albatross-large\" alt=\"\" \/><\/a>\n\t\t\t<\/span><\/li><li class='gallery-item'><span class='gallery-icon landscape'>\n\t\t\t\t<a href=\"http:\/\/kotvina.rataela-it.cz\/index.php\/accommodation\/standard-single-room\/\"><img decoding=\"async\" width=\"920\" height=\"650\" src=\"http:\/\/kotvina.rataela-it.cz\/wp-content\/uploads\/2024\/08\/IMG-20240728-WA0004-920x650.jpg\" class=\"attachment-albatross-large size-albatross-large\" alt=\"\" \/><\/a>\n\t\t\t<\/span><\/li><li class='gallery-item'><span class='gallery-icon landscape'>\n\t\t\t\t<a href=\"http:\/\/kotvina.rataela-it.cz\/index.php\/accommodation\/standard-single-room\/\"><img decoding=\"async\" width=\"720\" height=\"540\" src=\"http:\/\/kotvina.rataela-it.cz\/wp-content\/uploads\/2024\/08\/FB_IMG_1722275274005.jpg\" class=\"attachment-albatross-large size-albatross-large\" alt=\"\" srcset=\"http:\/\/kotvina.rataela-it.cz\/wp-content\/uploads\/2024\/08\/FB_IMG_1722275274005.jpg 720w, http:\/\/kotvina.rataela-it.cz\/wp-content\/uploads\/2024\/08\/FB_IMG_1722275274005-300x225.jpg 300w, http:\/\/kotvina.rataela-it.cz\/wp-content\/uploads\/2024\/08\/FB_IMG_1722275274005-400x300.jpg 400w\" sizes=\"(max-width: 720px) 100vw, 720px\" \/><\/a>\n\t\t\t<\/span><\/li><li class='gallery-item'><span class='gallery-icon landscape'>\n\t\t\t\t<a href=\"http:\/\/kotvina.rataela-it.cz\/index.php\/accommodation\/standard-single-room\/\"><img loading=\"lazy\" decoding=\"async\" width=\"920\" height=\"650\" src=\"http:\/\/kotvina.rataela-it.cz\/wp-content\/uploads\/2024\/08\/20210703_112527-920x650.jpg\" class=\"attachment-albatross-large size-albatross-large\" alt=\"\" \/><\/a>\n\t\t\t<\/span><\/li><li class='gallery-item'><span class='gallery-icon landscape'>\n\t\t\t\t<a href=\"http:\/\/kotvina.rataela-it.cz\/index.php\/accommodation\/standard-single-room\/\"><img loading=\"lazy\" decoding=\"async\" width=\"920\" height=\"650\" src=\"http:\/\/kotvina.rataela-it.cz\/wp-content\/uploads\/2024\/08\/20210630_083549-920x650.jpg\" class=\"attachment-albatross-large size-albatross-large\" alt=\"\" \/><\/a>\n\t\t\t<\/span><\/li><\/ul>\n\t\t<\/div>\n\n\t<\/div>\n\t        <div class=\"mphb-room-type-content-wrapper\">\r\n            <div class=\"mphb-room-type-content\">\r\n\t\t\t\t                    <div class=\"mphb-room-type-description\">\r\n\t\t\t\t\t\t\n<h2 class=\"mphb-room-type-title entry-title\">\n\n<a class=\"mphb-room-type-title\" href=\"http:\/\/kotvina.rataela-it.cz\/index.php\/accommodation\/standard-single-room\/\">Stany s podsadou<\/a>\n\n<\/h2>\n\n\t<p class=\"mphb-regular-price\"><strong>Cena za\u010d\u00edna na:<\/strong>\n\t<span class=\"mphb-price\"><span class=\"mphb-currency\">&#75;&#269;<\/span>100<\/span> <span class=\"mphb-price-period\" title=\"Vyberte si datum pro rezervaci a uvid\u00edte ceny na v\u00e1mi zvolen\u00fd term\u00edny\">za noc<\/span>\n\t<\/p>\n\t                            <div class=\"mphb-room-type-excerpt\">\r\n\t\t\t\t\t\t\t\t\n\n<p>Standard Single room is available with either double or single beds. Designed in an open-concept living area, it comes with oversized windows and lots of in-room facilities.<\/p>\n\n                            <\/div>\r\n\t\t\t\t\t\t\n<h3 class=\"mphb-room-type-details-title\">Podrobnosti<\/h3><ul class=\"mphb-loop-room-type-attributes\">\n\n\n\t<li class=\"mphb-room-type-adults-capacity\"><span class=\"mphb-attribute-title mphb-adults-title\">Host\u00e9:<\/span><span class=\"mphb-attribute-value\">\n\t1\n\t<\/span><\/li>\n\t\n\n\t<li class=\"mphb-room-type-facilities\"><span class=\"mphb-attribute-title mphb-facilities-title\">P\u0159\u00edslu\u0161enstv\u00ed:<\/span><span class=\"mphb-attribute-value\"> <span class=\"facility-bathroom-essentials\"><a href=\"http:\/\/kotvina.rataela-it.cz\/index.php\/accommodation-facility\/bathroom-essentials\/\">Bathroom essentials<\/a><\/span>, <span class=\"facility-bedroom-comforts\"><a href=\"http:\/\/kotvina.rataela-it.cz\/index.php\/accommodation-facility\/bedroom-comforts\/\">Bedroom comforts<\/a><\/span>, <span class=\"facility-free-parking\"><a href=\"http:\/\/kotvina.rataela-it.cz\/index.php\/accommodation-facility\/free-parking\/\">Free parking<\/a><\/span>, <span class=\"facility-hair-dryer\"><a href=\"http:\/\/kotvina.rataela-it.cz\/index.php\/accommodation-facility\/hair-dryer\/\">Hair dryer<\/a><\/span>, <span class=\"facility-heating\"><a href=\"http:\/\/kotvina.rataela-it.cz\/index.php\/accommodation-facility\/heating\/\">Heating<\/a><\/span>, <span class=\"facility-terrace\"><a href=\"http:\/\/kotvina.rataela-it.cz\/index.php\/accommodation-facility\/terrace\/\">Terrace<\/a><\/span>, <span class=\"facility-wi-fi\"><a href=\"http:\/\/kotvina.rataela-it.cz\/index.php\/accommodation-facility\/wi-fi\/\">Wi-Fi<\/a><\/span><\/span><\/li>\n\t\n\n\n\t<li class=\"mphb-room-type-view\"><span class=\"mphb-attribute-title mphb-view-title\">Prohl\u00e9dnout si:<\/span><span class=\"mphb-attribute-value\">\n\tswimming pool\n\t<\/span><\/li>\n\t\n\n\n\t<li class=\"mphb-room-type-size\"><span class=\"mphb-attribute-title mphb-size-title\">Velikost:<\/span><span class=\"mphb-attribute-value\">\n\t25m\u00b2\n\t<\/span><\/li>\n\t\n\n\t<li class=\"mphb-room-type-bed-type\"><span  class=\"mphb-attribute-title mphb-bed-type-title\">Typ postele:<\/span><span class=\"mphb-attribute-value\">\n\t1 standard bed\n\t<\/span><\/li>\n\t\n\n<\/ul>                    <\/div>\r\n\t\t\t\t                    <div class=\"mphb-room-type-buttons\">\r\n\t\t\t\t\t\t\r\n<div class=\"mphb-to-book-btn-wrapper\">\r\n<form action=\"http:\/\/kotvina.rataela-it.cz\/index.php\/accommodation\/standard-single-room\/#booking-form-72\" method=\"get\" ><button type=\"submit\" class=\"button mphb-book-button\" ><svg enable-background=\"new 0 0 30.99 6.99\" \r\n\t\t\t\tviewBox=\"0 0 30.99 6.99\" xml:space=\"preserve\" xmlns=\"http:\/\/www.w3.org\/2000\/svg\">\r\n            \t<rect y=\"3\" width=\"30\" height=\"1\"><\/rect><polyline points=\"26.78 0.68 28.18 2.08 29.58 3.48 26.8 6.26 \r\n            \t27.53 6.99 30.99 3.53 27.46 0\"><\/polyline><\/svg>Book now<\/button><\/form>\r\n<\/div>\n<p class=\"mphb-view-details-button-wrapper\">\n<a class=\"button mphb-view-details-button\" href=\"http:\/\/kotvina.rataela-it.cz\/index.php\/accommodation\/standard-single-room\/\" >Zobrazit v\u00edce<\/a>\n<\/p>                    <\/div>\r\n\t\t\t\t            <\/div>\r\n        <\/div>\r\n\t\r\n<\/div>\r\n\r\n\r\n<div class=\"mphb-room-type post-65 mphb_room_type type-mphb_room_type status-publish has-post-thumbnail mphb_room_type_facility-bathroom-essentials mphb_room_type_facility-bedroom-comforts mphb_room_type_facility-free-parking mphb_room_type_facility-hair-dryer mphb_room_type_facility-heating mphb_room_type_facility-terrace mphb_room_type_facility-wi-fi mphb-room-type-adults-2 mphb-room-type-children-0 \">\r\n\r\n\t\r\n\t\n\n\t<div class=\"mphb-room-type-images\">\n\t<div id='mphb-flexslider-gallery-2' class='gallery-columns-1 gallery-size-albatross-large mphb-gallery-main-slider mphb-flexslider-gallery-wrapper mphb-room-type-gallery-wrapper mphb-gallery-main-slider-69d7277e34fa5' data-flexslider-atts='{\"animation\":\"slide\",\"controlNav\":false,\"animationLoop\":true,\"smoothHeight\":true,\"slideshow\":false,\"prevText\":\"<svg width=\\\"18\\\" height=\\\"15\\\" viewBox=\\\"0 0 18 15\\\" fill=\\\"none\\\" xmlns=\\\"http:\\\/\\\/www.w3.org\\\/2000\\\/svg\\\">\\r\\n\\t\\t\\t\\t\\t\\t\\t<path d=\\\"M0.292893 8.23396C-0.0976311 7.84344 -0.0976311 7.21027 0.292893 6.81975L6.65685\\r\\n\\t\\t\\t\\t\\t\\t\\t0.455787C7.04738 0.0652627 7.68054 0.0652627 8.07107 0.455787C8.46159 0.846311 8.46159\\r\\n\\t\\t\\t\\t\\t\\t\\t1.47948 8.07107 1.87L2.41421 7.52686L8.07107 13.1837C8.46159 13.5742 8.46159 14.2074\\r\\n\\t\\t\\t\\t\\t\\t\\t8.07107 14.5979C7.68054 14.9884 7.04738 14.9884 6.65685 14.5979L0.292893 8.23396ZM1\\r\\n\\t\\t\\t\\t\\t\\t\\t6.52686L18 6.52685L18 8.52685L1 8.52686L1 6.52686Z\\\"\\\/><\\\/svg>\",\"nextText\":\"<svg width=\\\"19\\\" height=\\\"15\\\" viewBox=\\\"0 0 19 15\\\" fill=\\\"none\\\" xmlns=\\\"http:\\\/\\\/www.w3.org\\\/2000\\\/svg\\\">\\r\\n\\t\\t\\t\\t\\t\\t\\t<path d=\\\"M17.7608 8.23396C18.1513 7.84344 18.1513 7.21027 17.7608 6.81975L11.3969\\r\\n\\t\\t\\t\\t\\t\\t\\t0.455787C11.0063 0.0652627 10.3732 0.0652627 9.98264 0.455787C9.59212 0.846311 9.59212\\r\\n\\t\\t\\t\\t\\t\\t\\t1.47948 9.98264 1.87L15.6395 7.52686L9.98264 13.1837C9.59212 13.5742 9.59212 14.2074\\r\\n\\t\\t\\t\\t\\t\\t\\t9.98264 14.5979C10.3732 14.9884 11.0063 14.9884 11.3969 14.5979L17.7608 8.23396ZM17.0537\\r\\n\\t\\t\\t\\t\\t\\t\\t6.52686L0.053711 6.52685L0.0537109 8.52685L17.0537 8.52686L17.0537 6.52686Z\\\"\\\/><\\\/svg>\"}' data-group='69d7277e34fa5'><ul class=\"slides\"><li class='gallery-item'><span class='gallery-icon landscape'>\n\t\t\t\t<a href=\"http:\/\/kotvina.rataela-it.cz\/index.php\/accommodation\/classic-double-room\/\"><img loading=\"lazy\" decoding=\"async\" width=\"920\" height=\"650\" src=\"http:\/\/kotvina.rataela-it.cz\/wp-content\/uploads\/2024\/08\/IMG_20240801_122755_1s-920x650.png\" class=\"attachment-albatross-large size-albatross-large\" alt=\"\" \/><\/a>\n\t\t\t<\/span><\/li><\/ul>\n\t\t<\/div>\n\n\t<\/div>\n\t        <div class=\"mphb-room-type-content-wrapper\">\r\n            <div class=\"mphb-room-type-content\">\r\n\t\t\t\t                    <div class=\"mphb-room-type-description\">\r\n\t\t\t\t\t\t\n<h2 class=\"mphb-room-type-title entry-title\">\n\n<a class=\"mphb-room-type-title\" href=\"http:\/\/kotvina.rataela-it.cz\/index.php\/accommodation\/classic-double-room\/\">Zd\u011bn\u00e1 budova<\/a>\n\n<\/h2>\n\n\t<p class=\"mphb-regular-price\"><strong>Cena za\u010d\u00edna na:<\/strong>\n\t<span class=\"mphb-price\"><span class=\"mphb-currency\">&#75;&#269;<\/span>150<\/span> <span class=\"mphb-price-period\" title=\"Vyberte si datum pro rezervaci a uvid\u00edte ceny na v\u00e1mi zvolen\u00fd term\u00edny\">za noc<\/span>\n\t<\/p>\n\t                            <div class=\"mphb-room-type-excerpt\">\r\n\t\t\t\t\t\t\t\t\n\n<p>Let yourself fully relax in our luxurious favorable accommodations with lots of facilities and high-level service. We do our best to make you always content, smiling and satisfied.  <\/p>\n\n                            <\/div>\r\n\t\t\t\t\t\t\n<h3 class=\"mphb-room-type-details-title\">Podrobnosti<\/h3><ul class=\"mphb-loop-room-type-attributes\">\n\n\n\t<li class=\"mphb-room-type-adults-capacity\"><span class=\"mphb-attribute-title mphb-adults-title\">Host\u00e9:<\/span><span class=\"mphb-attribute-value\">\n\t2\n\t<\/span><\/li>\n\t\n\n\t<li class=\"mphb-room-type-facilities\"><span class=\"mphb-attribute-title mphb-facilities-title\">P\u0159\u00edslu\u0161enstv\u00ed:<\/span><span class=\"mphb-attribute-value\"> <span class=\"facility-bathroom-essentials\"><a href=\"http:\/\/kotvina.rataela-it.cz\/index.php\/accommodation-facility\/bathroom-essentials\/\">Bathroom essentials<\/a><\/span>, <span class=\"facility-bedroom-comforts\"><a href=\"http:\/\/kotvina.rataela-it.cz\/index.php\/accommodation-facility\/bedroom-comforts\/\">Bedroom comforts<\/a><\/span>, <span class=\"facility-free-parking\"><a href=\"http:\/\/kotvina.rataela-it.cz\/index.php\/accommodation-facility\/free-parking\/\">Free parking<\/a><\/span>, <span class=\"facility-hair-dryer\"><a href=\"http:\/\/kotvina.rataela-it.cz\/index.php\/accommodation-facility\/hair-dryer\/\">Hair dryer<\/a><\/span>, <span class=\"facility-heating\"><a href=\"http:\/\/kotvina.rataela-it.cz\/index.php\/accommodation-facility\/heating\/\">Heating<\/a><\/span>, <span class=\"facility-terrace\"><a href=\"http:\/\/kotvina.rataela-it.cz\/index.php\/accommodation-facility\/terrace\/\">Terrace<\/a><\/span>, <span class=\"facility-wi-fi\"><a href=\"http:\/\/kotvina.rataela-it.cz\/index.php\/accommodation-facility\/wi-fi\/\">Wi-Fi<\/a><\/span><\/span><\/li>\n\t\n\n\n\t<li class=\"mphb-room-type-view\"><span class=\"mphb-attribute-title mphb-view-title\">Prohl\u00e9dnout si:<\/span><span class=\"mphb-attribute-value\">\n\tbeach\n\t<\/span><\/li>\n\t\n\n\n\t<li class=\"mphb-room-type-size\"><span class=\"mphb-attribute-title mphb-size-title\">Velikost:<\/span><span class=\"mphb-attribute-value\">\n\t30m\u00b2\n\t<\/span><\/li>\n\t\n\n\t<li class=\"mphb-room-type-bed-type\"><span  class=\"mphb-attribute-title mphb-bed-type-title\">Typ postele:<\/span><span class=\"mphb-attribute-value\">\n\t1 quen size bed\n\t<\/span><\/li>\n\t\n\n<\/ul>                    <\/div>\r\n\t\t\t\t                    <div class=\"mphb-room-type-buttons\">\r\n\t\t\t\t\t\t\r\n<div class=\"mphb-to-book-btn-wrapper\">\r\n<form action=\"http:\/\/kotvina.rataela-it.cz\/index.php\/accommodation\/classic-double-room\/#booking-form-65\" method=\"get\" ><button type=\"submit\" class=\"button mphb-book-button\" ><svg enable-background=\"new 0 0 30.99 6.99\" \r\n\t\t\t\tviewBox=\"0 0 30.99 6.99\" xml:space=\"preserve\" xmlns=\"http:\/\/www.w3.org\/2000\/svg\">\r\n            \t<rect y=\"3\" width=\"30\" height=\"1\"><\/rect><polyline points=\"26.78 0.68 28.18 2.08 29.58 3.48 26.8 6.26 \r\n            \t27.53 6.99 30.99 3.53 27.46 0\"><\/polyline><\/svg>Book now<\/button><\/form>\r\n<\/div>\n<p class=\"mphb-view-details-button-wrapper\">\n<a class=\"button mphb-view-details-button\" href=\"http:\/\/kotvina.rataela-it.cz\/index.php\/accommodation\/classic-double-room\/\" >Zobrazit v\u00edce<\/a>\n<\/p>                    <\/div>\r\n\t\t\t\t            <\/div>\r\n        <\/div>\r\n\t\r\n<\/div>\r\n\r\n    <\/div>\r\n\t<\/div><\/div>\n\t\t\t\t<\/div>\n\t\t\t\t<\/div>\n\t\t\t\t\t<\/div>\n\t\t<\/div>\n\t\t\t\t\t<\/div>\n\t\t<\/section>\n\t\t\t\t<\/div>\n\t\t","protected":false},"excerpt":{"rendered":"","protected":false},"author":1,"featured_media":0,"parent":0,"menu_order":0,"comment_status":"closed","ping_status":"closed","template":"template-page-sidebar.php","meta":{"inline_featured_image":false,"footnotes":""},"class_list":["post-352","page","type-page","status-publish","hentry"],"_links":{"self":[{"href":"http:\/\/kotvina.rataela-it.cz\/index.php\/wp-json\/wp\/v2\/pages\/352","targetHints":{"allow":["GET"]}}],"collection":[{"href":"http:\/\/kotvina.rataela-it.cz\/index.php\/wp-json\/wp\/v2\/pages"}],"about":[{"href":"http:\/\/kotvina.rataela-it.cz\/index.php\/wp-json\/wp\/v2\/types\/page"}],"author":[{"embeddable":true,"href":"http:\/\/kotvina.rataela-it.cz\/index.php\/wp-json\/wp\/v2\/users\/1"}],"replies":[{"embeddable":true,"href":"http:\/\/kotvina.rataela-it.cz\/index.php\/wp-json\/wp\/v2\/comments?post=352"}],"version-history":[{"count":0,"href":"http:\/\/kotvina.rataela-it.cz\/index.php\/wp-json\/wp\/v2\/pages\/352\/revisions"}],"wp:attachment":[{"href":"http:\/\/kotvina.rataela-it.cz\/index.php\/wp-json\/wp\/v2\/media?parent=352"}],"curies":[{"name":"wp","href":"https:\/\/api.w.org\/{rel}","templated":true}]}}